{"id":11609,"date":"2024-08-01T13:40:12","date_gmt":"2024-08-01T12:40:12","guid":{"rendered":"https:\/\/paysaxas.com\/ota-yhteytta-paysaxas-pr-tiimiin\/"},"modified":"2025-10-13T08:18:24","modified_gmt":"2025-10-13T07:18:24","slug":"pr-team","status":"publish","type":"page","link":"https:\/\/paysaxas.com\/fi\/pr-team\/","title":{"rendered":"PR-Tiimi"},"content":{"rendered":"\n<div class=\"wp-block-group is-vertical is-layout-flex wp-container-core-group-is-layout-8cf370e7 wp-block-group-is-layout-flex\">\n<figure class=\"wp-block-image size-large\"><img loading=\"lazy\" decoding=\"async\" width=\"1024\" height=\"352\" src=\"https:\/\/paysaxas.com\/wp-content\/uploads\/2024\/08\/12223345346-1-1024x352.jpg\" alt=\"\" class=\"wp-image-3907\"\/><\/figure>\n\n\n\n<p>Tarjoamme nopeaa ja ammattimaista tukea toimittajille ja median edustajille, jotka haluavat kirjoittaa PaySaxasista, pyyt\u00e4\u00e4 haastatteluja tai hankkia mainosmateriaalia, logoja ja muita resursseja. Ota meihin yhteytt\u00e4, niin saat kaikki tarvitsemasi tiedot.<\/p>\n\n\n\n<p class=\"p-header-privacy-policy has-large-font-size\">Haastattelupyynn\u00f6t<\/p>\n\n\n\n<p>Olemme valmiita j\u00e4rjest\u00e4m\u00e4\u00e4n haastatteluja asiantuntijoidemme ja johtajiemme kanssa, joissa keskustellaan ajankohtaisista aiheista fintech-alalla ja virtuaalisissa varoissa. L\u00e4het\u00e4 haastattelupyynn\u00f6t osoitteeseen <a href=\"mailto:marketing@paysaxas.com\">marketing@paysaxas.com<\/a>.<\/p>\n\n\n\n<p class=\"p-header-privacy-policy has-large-font-size\">Mainosmateriaalit ja logot<\/p>\n\n\n\n<p>Mainosmateriaalia, logoja ja muita visuaalisia resursseja voi pyyt\u00e4\u00e4 osoitteesta <a href=\"mailto:marketing@paysaxas.com\">marketing@paysaxas.com<\/a>. Toimitamme kaikki tarvittavat materiaalit viipym\u00e4tt\u00e4.<\/p>\n\n\n\n<p>Kiit\u00e4mme kiinnostuksestasi PaySaxas kohtaan ja odotamme innolla yhteisty\u00f6t\u00e4 kanssasi.<\/p>\n<\/div>\n\n<p><\/p>\n","protected":false},"excerpt":{"rendered":"<p>Tarjoamme nopeaa ja ammattimaista tukea toimittajille ja median edustajille, jotka haluavat kirjoittaa PaySaxasista, pyyt\u00e4\u00e4 haastatteluja tai hankkia mainosmateriaalia, logoja ja muita resursseja. Ota meihin yhteytt\u00e4, niin saat kaikki tarvitsemasi tiedot. Haastattelupyynn\u00f6t Olemme valmiita j\u00e4rjest\u00e4m\u00e4\u00e4n haastatteluja asiantuntijoidemme ja johtajiemme kanssa, joissa keskustellaan ajankohtaisista aiheista fintech-alalla ja virtuaalisissa varoissa. L\u00e4het\u00e4 haastattelupyynn\u00f6t osoitteeseen marketing@paysaxas.com. Mainosmateriaalit ja logot Mainosmateriaalia, [&hellip;]<\/p>\n","protected":false},"author":1,"featured_media":0,"parent":0,"menu_order":0,"comment_status":"closed","ping_status":"closed","template":"","meta":{"_acf_changed":false,"inline_featured_image":false,"footnotes":""},"class_list":["post-11609","page","type-page","status-publish","hentry"],"acf":[],"yoast_head":"<!-- This site is optimized with the Yoast SEO Premium plugin v20.7 (Yoast SEO v25.6) - https:\/\/yoast.com\/wordpress\/plugins\/seo\/ -->\n<title>PR-Tiimi - paysaxas.com<\/title>\n<meta name=\"description\" content=\"Ota yhteytt\u00e4 PaySaxasin PR-tiimiin, jos tarvitset haastatteluja, mainosmateriaalia, logoja tai muuta. L\u00e4het\u00e4 s\u00e4hk\u00f6postia osoitteeseen marketing@paysaxas.com, niin saat nopeaa ja ammattimaista apua.\" \/>\n<meta name=\"robots\" content=\"index, follow, max-snippet:-1, max-image-preview:large, max-video-preview:-1\" \/>\n<link rel=\"canonical\" href=\"https:\/\/paysaxas.com\/fi\/pr-team\/\" \/>\n<meta property=\"og:locale\" content=\"fi_FI\" \/>\n<meta property=\"og:type\" content=\"article\" \/>\n<meta property=\"og:title\" content=\"PR-Tiimi\" \/>\n<meta property=\"og:description\" content=\"Ota yhteytt\u00e4 PaySaxasin PR-tiimiin, jos tarvitset haastatteluja, mainosmateriaalia, logoja tai muuta. L\u00e4het\u00e4 s\u00e4hk\u00f6postia osoitteeseen marketing@paysaxas.com, niin saat nopeaa ja ammattimaista apua.\" \/>\n<meta property=\"og:url\" content=\"https:\/\/paysaxas.com\/fi\/pr-team\/\" \/>\n<meta property=\"og:site_name\" content=\"paysaxas.com\" \/>\n<meta property=\"article:publisher\" content=\"https:\/\/www.facebook.com\/paysaxas\" \/>\n<meta property=\"article:modified_time\" content=\"2025-10-13T07:18:24+00:00\" \/>\n<meta property=\"og:image\" content=\"https:\/\/paysaxas.com\/wp-content\/uploads\/2024\/08\/12223345346-1-1024x352.jpg\" \/>\n<meta name=\"twitter:card\" content=\"summary_large_image\" \/>\n<meta name=\"twitter:site\" content=\"@paysaxas\" \/>\n<meta name=\"twitter:label1\" content=\"Arvioitu lukuaika\" \/>\n\t<meta name=\"twitter:data1\" content=\"1 minuutti\" \/>\n<script type=\"application\/ld+json\" class=\"yoast-schema-graph\">{\"@context\":\"https:\/\/schema.org\",\"@graph\":[{\"@type\":\"WebPage\",\"@id\":\"https:\/\/paysaxas.com\/fi\/pr-team\/\",\"url\":\"https:\/\/paysaxas.com\/fi\/pr-team\/\",\"name\":\"PR-Tiimi - paysaxas.com\",\"isPartOf\":{\"@id\":\"https:\/\/paysaxas.com\/#website\"},\"primaryImageOfPage\":{\"@id\":\"https:\/\/paysaxas.com\/fi\/pr-team\/#primaryimage\"},\"image\":{\"@id\":\"https:\/\/paysaxas.com\/fi\/pr-team\/#primaryimage\"},\"thumbnailUrl\":\"https:\/\/paysaxas.com\/wp-content\/uploads\/2024\/08\/12223345346-1-1024x352.jpg\",\"datePublished\":\"2024-08-01T12:40:12+00:00\",\"dateModified\":\"2025-10-13T07:18:24+00:00\",\"description\":\"Ota yhteytt\u00e4 PaySaxasin PR-tiimiin, jos tarvitset haastatteluja, mainosmateriaalia, logoja tai muuta. L\u00e4het\u00e4 s\u00e4hk\u00f6postia osoitteeseen marketing@paysaxas.com, niin saat nopeaa ja ammattimaista apua.\",\"inLanguage\":\"fi\",\"potentialAction\":[{\"@type\":\"ReadAction\",\"target\":[\"https:\/\/paysaxas.com\/fi\/pr-team\/\"]}]},{\"@type\":\"ImageObject\",\"inLanguage\":\"fi\",\"@id\":\"https:\/\/paysaxas.com\/fi\/pr-team\/#primaryimage\",\"url\":\"https:\/\/paysaxas.com\/wp-content\/uploads\/2024\/08\/12223345346-1-1024x352.jpg\",\"contentUrl\":\"https:\/\/paysaxas.com\/wp-content\/uploads\/2024\/08\/12223345346-1-1024x352.jpg\"},{\"@type\":\"WebSite\",\"@id\":\"https:\/\/paysaxas.com\/#website\",\"url\":\"https:\/\/paysaxas.com\/\",\"name\":\"paysaxas.com\",\"description\":\"\",\"publisher\":{\"@id\":\"https:\/\/paysaxas.com\/#organization\"},\"potentialAction\":[{\"@type\":\"SearchAction\",\"target\":{\"@type\":\"EntryPoint\",\"urlTemplate\":\"https:\/\/paysaxas.com\/?s={search_term_string}\"},\"query-input\":{\"@type\":\"PropertyValueSpecification\",\"valueRequired\":true,\"valueName\":\"search_term_string\"}}],\"inLanguage\":\"fi\"},{\"@type\":\"Organization\",\"@id\":\"https:\/\/paysaxas.com\/#organization\",\"name\":\"PaySaxas\",\"url\":\"https:\/\/paysaxas.com\/\",\"logo\":{\"@type\":\"ImageObject\",\"inLanguage\":\"fi\",\"@id\":\"https:\/\/paysaxas.com\/#\/schema\/logo\/image\/\",\"url\":\"https:\/\/paysaxas.com\/wp-content\/uploads\/2023\/06\/main-logo.svg\",\"contentUrl\":\"https:\/\/paysaxas.com\/wp-content\/uploads\/2023\/06\/main-logo.svg\",\"width\":177,\"height\":44,\"caption\":\"PaySaxas\"},\"image\":{\"@id\":\"https:\/\/paysaxas.com\/#\/schema\/logo\/image\/\"},\"sameAs\":[\"https:\/\/www.facebook.com\/paysaxas\",\"https:\/\/x.com\/paysaxas\",\"https:\/\/www.instagram.com\/paysaxas\",\"https:\/\/www.linkedin.com\/company\/paysaxas\/\",\"https:\/\/www.youtube.com\/@PaySaxas1\"]}]}<\/script>\n<!-- \/ Yoast SEO Premium plugin. -->","yoast_head_json":{"title":"PR-Tiimi - paysaxas.com","description":"Ota yhteytt\u00e4 PaySaxasin PR-tiimiin, jos tarvitset haastatteluja, mainosmateriaalia, logoja tai muuta. L\u00e4het\u00e4 s\u00e4hk\u00f6postia osoitteeseen marketing@paysaxas.com, niin saat nopeaa ja ammattimaista apua.","robots":{"index":"index","follow":"follow","max-snippet":"max-snippet:-1","max-image-preview":"max-image-preview:large","max-video-preview":"max-video-preview:-1"},"canonical":"https:\/\/paysaxas.com\/fi\/pr-team\/","og_locale":"fi_FI","og_type":"article","og_title":"PR-Tiimi","og_description":"Ota yhteytt\u00e4 PaySaxasin PR-tiimiin, jos tarvitset haastatteluja, mainosmateriaalia, logoja tai muuta. L\u00e4het\u00e4 s\u00e4hk\u00f6postia osoitteeseen marketing@paysaxas.com, niin saat nopeaa ja ammattimaista apua.","og_url":"https:\/\/paysaxas.com\/fi\/pr-team\/","og_site_name":"paysaxas.com","article_publisher":"https:\/\/www.facebook.com\/paysaxas","article_modified_time":"2025-10-13T07:18:24+00:00","og_image":[{"url":"https:\/\/paysaxas.com\/wp-content\/uploads\/2024\/08\/12223345346-1-1024x352.jpg","type":"","width":"","height":""}],"twitter_card":"summary_large_image","twitter_site":"@paysaxas","twitter_misc":{"Arvioitu lukuaika":"1 minuutti"},"schema":{"@context":"https:\/\/schema.org","@graph":[{"@type":"WebPage","@id":"https:\/\/paysaxas.com\/fi\/pr-team\/","url":"https:\/\/paysaxas.com\/fi\/pr-team\/","name":"PR-Tiimi - paysaxas.com","isPartOf":{"@id":"https:\/\/paysaxas.com\/#website"},"primaryImageOfPage":{"@id":"https:\/\/paysaxas.com\/fi\/pr-team\/#primaryimage"},"image":{"@id":"https:\/\/paysaxas.com\/fi\/pr-team\/#primaryimage"},"thumbnailUrl":"https:\/\/paysaxas.com\/wp-content\/uploads\/2024\/08\/12223345346-1-1024x352.jpg","datePublished":"2024-08-01T12:40:12+00:00","dateModified":"2025-10-13T07:18:24+00:00","description":"Ota yhteytt\u00e4 PaySaxasin PR-tiimiin, jos tarvitset haastatteluja, mainosmateriaalia, logoja tai muuta. L\u00e4het\u00e4 s\u00e4hk\u00f6postia osoitteeseen marketing@paysaxas.com, niin saat nopeaa ja ammattimaista apua.","inLanguage":"fi","potentialAction":[{"@type":"ReadAction","target":["https:\/\/paysaxas.com\/fi\/pr-team\/"]}]},{"@type":"ImageObject","inLanguage":"fi","@id":"https:\/\/paysaxas.com\/fi\/pr-team\/#primaryimage","url":"https:\/\/paysaxas.com\/wp-content\/uploads\/2024\/08\/12223345346-1-1024x352.jpg","contentUrl":"https:\/\/paysaxas.com\/wp-content\/uploads\/2024\/08\/12223345346-1-1024x352.jpg"},{"@type":"WebSite","@id":"https:\/\/paysaxas.com\/#website","url":"https:\/\/paysaxas.com\/","name":"paysaxas.com","description":"","publisher":{"@id":"https:\/\/paysaxas.com\/#organization"},"potentialAction":[{"@type":"SearchAction","target":{"@type":"EntryPoint","urlTemplate":"https:\/\/paysaxas.com\/?s={search_term_string}"},"query-input":{"@type":"PropertyValueSpecification","valueRequired":true,"valueName":"search_term_string"}}],"inLanguage":"fi"},{"@type":"Organization","@id":"https:\/\/paysaxas.com\/#organization","name":"PaySaxas","url":"https:\/\/paysaxas.com\/","logo":{"@type":"ImageObject","inLanguage":"fi","@id":"https:\/\/paysaxas.com\/#\/schema\/logo\/image\/","url":"https:\/\/paysaxas.com\/wp-content\/uploads\/2023\/06\/main-logo.svg","contentUrl":"https:\/\/paysaxas.com\/wp-content\/uploads\/2023\/06\/main-logo.svg","width":177,"height":44,"caption":"PaySaxas"},"image":{"@id":"https:\/\/paysaxas.com\/#\/schema\/logo\/image\/"},"sameAs":["https:\/\/www.facebook.com\/paysaxas","https:\/\/x.com\/paysaxas","https:\/\/www.instagram.com\/paysaxas","https:\/\/www.linkedin.com\/company\/paysaxas\/","https:\/\/www.youtube.com\/@PaySaxas1"]}]}},"_links":{"self":[{"href":"https:\/\/paysaxas.com\/fi\/wp-json\/wp\/v2\/pages\/11609","targetHints":{"allow":["GET"]}}],"collection":[{"href":"https:\/\/paysaxas.com\/fi\/wp-json\/wp\/v2\/pages"}],"about":[{"href":"https:\/\/paysaxas.com\/fi\/wp-json\/wp\/v2\/types\/page"}],"author":[{"embeddable":true,"href":"https:\/\/paysaxas.com\/fi\/wp-json\/wp\/v2\/users\/1"}],"replies":[{"embeddable":true,"href":"https:\/\/paysaxas.com\/fi\/wp-json\/wp\/v2\/comments?post=11609"}],"version-history":[{"count":4,"href":"https:\/\/paysaxas.com\/fi\/wp-json\/wp\/v2\/pages\/11609\/revisions"}],"predecessor-version":[{"id":11668,"href":"https:\/\/paysaxas.com\/fi\/wp-json\/wp\/v2\/pages\/11609\/revisions\/11668"}],"wp:attachment":[{"href":"https:\/\/paysaxas.com\/fi\/wp-json\/wp\/v2\/media?parent=11609"}],"curies":[{"name":"wp","href":"https:\/\/api.w.org\/{rel}","templated":true}]}}