{"id":11723,"date":"2023-06-12T10:15:10","date_gmt":"2023-06-12T09:15:10","guid":{"rendered":"https:\/\/paysaxas.com\/?page_id=11723"},"modified":"2026-02-04T10:49:43","modified_gmt":"2026-02-04T09:49:43","slug":"home","status":"publish","type":"page","link":"https:\/\/paysaxas.com\/fi\/","title":{"rendered":"Home"},"content":{"rendered":"","protected":false},"excerpt":{"rendered":"","protected":false},"author":2,"featured_media":0,"parent":0,"menu_order":0,"comment_status":"closed","ping_status":"closed","template":"home-template.php","meta":{"_acf_changed":false,"inline_featured_image":false,"footnotes":""},"class_list":["post-11723","page","type-page","status-publish","hentry"],"acf":[],"yoast_head":"<!-- This site is optimized with the Yoast SEO Premium plugin v20.7 (Yoast SEO v25.6) - https:\/\/yoast.com\/wordpress\/plugins\/seo\/ -->\n<title>Avaa yritys- tai henkil\u00f6tili verkossa | PaySaxas<\/title>\n<meta name=\"description\" content=\"Avaa PaySaxas-tili muutamassa minuutissa. L\u00e4het\u00e4 SEPA- ja SWIFT-maksuja, vaihda valuuttoja ja hallitse krypto- ja fiat-varoja yhdell\u00e4 turvallisella alustalla.\" \/>\n<meta name=\"robots\" content=\"index, follow, max-snippet:-1, max-image-preview:large, max-video-preview:-1\" \/>\n<link rel=\"canonical\" href=\"https:\/\/paysaxas.com\/fi\/\" \/>\n<meta property=\"og:locale\" content=\"fi_FI\" \/>\n<meta property=\"og:type\" content=\"article\" \/>\n<meta property=\"og:title\" content=\"Home\" \/>\n<meta property=\"og:description\" content=\"Avaa PaySaxas-tili muutamassa minuutissa. L\u00e4het\u00e4 SEPA- ja SWIFT-maksuja, vaihda valuuttoja ja hallitse krypto- ja fiat-varoja yhdell\u00e4 turvallisella alustalla.\" \/>\n<meta property=\"og:url\" content=\"https:\/\/paysaxas.com\/fi\/\" \/>\n<meta property=\"og:site_name\" content=\"paysaxas.com\" \/>\n<meta property=\"article:publisher\" content=\"https:\/\/www.facebook.com\/paysaxas\" \/>\n<meta property=\"article:modified_time\" content=\"2026-02-04T09:49:43+00:00\" \/>\n<meta name=\"twitter:card\" content=\"summary_large_image\" \/>\n<meta name=\"twitter:site\" content=\"@paysaxas\" \/>\n<script type=\"application\/ld+json\" class=\"yoast-schema-graph\">{\"@context\":\"https:\/\/schema.org\",\"@graph\":[{\"@type\":\"WebPage\",\"@id\":\"https:\/\/paysaxas.com\/fi\/\",\"url\":\"https:\/\/paysaxas.com\/fi\/\",\"name\":\"Avaa yritys- tai henkil\u00f6tili verkossa | PaySaxas\",\"isPartOf\":{\"@id\":\"https:\/\/paysaxas.com\/#website\"},\"datePublished\":\"2023-06-12T09:15:10+00:00\",\"dateModified\":\"2026-02-04T09:49:43+00:00\",\"description\":\"Avaa PaySaxas-tili muutamassa minuutissa. L\u00e4het\u00e4 SEPA- ja SWIFT-maksuja, vaihda valuuttoja ja hallitse krypto- ja fiat-varoja yhdell\u00e4 turvallisella alustalla.\",\"inLanguage\":\"fi\",\"potentialAction\":[{\"@type\":\"ReadAction\",\"target\":[\"https:\/\/paysaxas.com\/fi\/\"]}]},{\"@type\":\"WebSite\",\"@id\":\"https:\/\/paysaxas.com\/#website\",\"url\":\"https:\/\/paysaxas.com\/\",\"name\":\"paysaxas.com\",\"description\":\"\",\"publisher\":{\"@id\":\"https:\/\/paysaxas.com\/#organization\"},\"potentialAction\":[{\"@type\":\"SearchAction\",\"target\":{\"@type\":\"EntryPoint\",\"urlTemplate\":\"https:\/\/paysaxas.com\/?s={search_term_string}\"},\"query-input\":{\"@type\":\"PropertyValueSpecification\",\"valueRequired\":true,\"valueName\":\"search_term_string\"}}],\"inLanguage\":\"fi\"},{\"@type\":\"Organization\",\"@id\":\"https:\/\/paysaxas.com\/#organization\",\"name\":\"PaySaxas\",\"url\":\"https:\/\/paysaxas.com\/\",\"logo\":{\"@type\":\"ImageObject\",\"inLanguage\":\"fi\",\"@id\":\"https:\/\/paysaxas.com\/#\/schema\/logo\/image\/\",\"url\":\"https:\/\/paysaxas.com\/wp-content\/uploads\/2023\/06\/main-logo.svg\",\"contentUrl\":\"https:\/\/paysaxas.com\/wp-content\/uploads\/2023\/06\/main-logo.svg\",\"width\":177,\"height\":44,\"caption\":\"PaySaxas\"},\"image\":{\"@id\":\"https:\/\/paysaxas.com\/#\/schema\/logo\/image\/\"},\"sameAs\":[\"https:\/\/www.facebook.com\/paysaxas\",\"https:\/\/x.com\/paysaxas\",\"https:\/\/www.instagram.com\/paysaxas\",\"https:\/\/www.linkedin.com\/company\/paysaxas\/\",\"https:\/\/www.youtube.com\/@PaySaxas1\"]}]}<\/script>\n<!-- \/ Yoast SEO Premium plugin. -->","yoast_head_json":{"title":"Avaa yritys- tai henkil\u00f6tili verkossa | PaySaxas","description":"Avaa PaySaxas-tili muutamassa minuutissa. L\u00e4het\u00e4 SEPA- ja SWIFT-maksuja, vaihda valuuttoja ja hallitse krypto- ja fiat-varoja yhdell\u00e4 turvallisella alustalla.","robots":{"index":"index","follow":"follow","max-snippet":"max-snippet:-1","max-image-preview":"max-image-preview:large","max-video-preview":"max-video-preview:-1"},"canonical":"https:\/\/paysaxas.com\/fi\/","og_locale":"fi_FI","og_type":"article","og_title":"Home","og_description":"Avaa PaySaxas-tili muutamassa minuutissa. L\u00e4het\u00e4 SEPA- ja SWIFT-maksuja, vaihda valuuttoja ja hallitse krypto- ja fiat-varoja yhdell\u00e4 turvallisella alustalla.","og_url":"https:\/\/paysaxas.com\/fi\/","og_site_name":"paysaxas.com","article_publisher":"https:\/\/www.facebook.com\/paysaxas","article_modified_time":"2026-02-04T09:49:43+00:00","twitter_card":"summary_large_image","twitter_site":"@paysaxas","schema":{"@context":"https:\/\/schema.org","@graph":[{"@type":"WebPage","@id":"https:\/\/paysaxas.com\/fi\/","url":"https:\/\/paysaxas.com\/fi\/","name":"Avaa yritys- tai henkil\u00f6tili verkossa | PaySaxas","isPartOf":{"@id":"https:\/\/paysaxas.com\/#website"},"datePublished":"2023-06-12T09:15:10+00:00","dateModified":"2026-02-04T09:49:43+00:00","description":"Avaa PaySaxas-tili muutamassa minuutissa. L\u00e4het\u00e4 SEPA- ja SWIFT-maksuja, vaihda valuuttoja ja hallitse krypto- ja fiat-varoja yhdell\u00e4 turvallisella alustalla.","inLanguage":"fi","potentialAction":[{"@type":"ReadAction","target":["https:\/\/paysaxas.com\/fi\/"]}]},{"@type":"WebSite","@id":"https:\/\/paysaxas.com\/#website","url":"https:\/\/paysaxas.com\/","name":"paysaxas.com","description":"","publisher":{"@id":"https:\/\/paysaxas.com\/#organization"},"potentialAction":[{"@type":"SearchAction","target":{"@type":"EntryPoint","urlTemplate":"https:\/\/paysaxas.com\/?s={search_term_string}"},"query-input":{"@type":"PropertyValueSpecification","valueRequired":true,"valueName":"search_term_string"}}],"inLanguage":"fi"},{"@type":"Organization","@id":"https:\/\/paysaxas.com\/#organization","name":"PaySaxas","url":"https:\/\/paysaxas.com\/","logo":{"@type":"ImageObject","inLanguage":"fi","@id":"https:\/\/paysaxas.com\/#\/schema\/logo\/image\/","url":"https:\/\/paysaxas.com\/wp-content\/uploads\/2023\/06\/main-logo.svg","contentUrl":"https:\/\/paysaxas.com\/wp-content\/uploads\/2023\/06\/main-logo.svg","width":177,"height":44,"caption":"PaySaxas"},"image":{"@id":"https:\/\/paysaxas.com\/#\/schema\/logo\/image\/"},"sameAs":["https:\/\/www.facebook.com\/paysaxas","https:\/\/x.com\/paysaxas","https:\/\/www.instagram.com\/paysaxas","https:\/\/www.linkedin.com\/company\/paysaxas\/","https:\/\/www.youtube.com\/@PaySaxas1"]}]}},"_links":{"self":[{"href":"https:\/\/paysaxas.com\/fi\/wp-json\/wp\/v2\/pages\/11723","targetHints":{"allow":["GET"]}}],"collection":[{"href":"https:\/\/paysaxas.com\/fi\/wp-json\/wp\/v2\/pages"}],"about":[{"href":"https:\/\/paysaxas.com\/fi\/wp-json\/wp\/v2\/types\/page"}],"author":[{"embeddable":true,"href":"https:\/\/paysaxas.com\/fi\/wp-json\/wp\/v2\/users\/2"}],"replies":[{"embeddable":true,"href":"https:\/\/paysaxas.com\/fi\/wp-json\/wp\/v2\/comments?post=11723"}],"version-history":[{"count":18,"href":"https:\/\/paysaxas.com\/fi\/wp-json\/wp\/v2\/pages\/11723\/revisions"}],"predecessor-version":[{"id":19543,"href":"https:\/\/paysaxas.com\/fi\/wp-json\/wp\/v2\/pages\/11723\/revisions\/19543"}],"wp:attachment":[{"href":"https:\/\/paysaxas.com\/fi\/wp-json\/wp\/v2\/media?parent=11723"}],"curies":[{"name":"wp","href":"https:\/\/api.w.org\/{rel}","templated":true}]}}